{"id":58,"date":"2011-07-26T16:45:49","date_gmt":"2011-07-26T16:45:49","guid":{"rendered":"http:\/\/chrege.bumba.ch\/wp\/?page_id=58"},"modified":"2011-08-24T18:32:55","modified_gmt":"2011-08-24T18:32:55","slug":"gastebuch-2","status":"publish","type":"page","link":"https:\/\/www.christineseebacher.ch\/?page_id=58","title":{"rendered":"G\u00e4stebuch"},"content":{"rendered":"<p>Ich freue mich sehr \u00fcber Anregungen, W\u00fcnsche, aber auch Lob und Kritik.<\/p>\n","protected":false},"excerpt":{"rendered":"<p>Ich freue mich sehr \u00fcber Anregungen, W\u00fcnsche, aber auch Lob und Kritik.<\/p>\n","protected":false},"author":1,"featured_media":0,"parent":0,"menu_order":0,"comment_status":"open","ping_status":"open","template":"","meta":{"footnotes":""},"class_list":["post-58","page","type-page","status-publish","hentry"],"_links":{"self":[{"href":"https:\/\/www.christineseebacher.ch\/index.php?rest_route=\/wp\/v2\/pages\/58","targetHints":{"allow":["GET"]}}],"collection":[{"href":"https:\/\/www.christineseebacher.ch\/index.php?rest_route=\/wp\/v2\/pages"}],"about":[{"href":"https:\/\/www.christineseebacher.ch\/index.php?rest_route=\/wp\/v2\/types\/page"}],"author":[{"embeddable":true,"href":"https:\/\/www.christineseebacher.ch\/index.php?rest_route=\/wp\/v2\/users\/1"}],"replies":[{"embeddable":true,"href":"https:\/\/www.christineseebacher.ch\/index.php?rest_route=%2Fwp%2Fv2%2Fcomments&post=58"}],"version-history":[{"count":4,"href":"https:\/\/www.christineseebacher.ch\/index.php?rest_route=\/wp\/v2\/pages\/58\/revisions"}],"predecessor-version":[{"id":61,"href":"https:\/\/www.christineseebacher.ch\/index.php?rest_route=\/wp\/v2\/pages\/58\/revisions\/61"}],"wp:attachment":[{"href":"https:\/\/www.christineseebacher.ch\/index.php?rest_route=%2Fwp%2Fv2%2Fmedia&parent=58"}],"curies":[{"name":"wp","href":"https:\/\/api.w.org\/{rel}","templated":true}]}}