{"id":9,"date":"2011-07-26T15:15:20","date_gmt":"2011-07-26T15:15:20","guid":{"rendered":"http:\/\/chrege.bumba.ch\/wp\/?page_id=9"},"modified":"2014-03-21T13:22:10","modified_gmt":"2014-03-21T13:22:10","slug":"bucher-2","status":"publish","type":"page","link":"https:\/\/www.christineseebacher.ch\/?page_id=9","title":{"rendered":"B\u00fccher"},"content":{"rendered":"<p><a href=\"http:\/\/www.christineseebacher.ch\/wp-content\/uploads\/2011\/07\/Umschlag_ttoglefuet_2014.jpg\"><img loading=\"lazy\" decoding=\"async\" class=\"alignleft size-medium wp-image-195\" style=\"border-width: 0px; margin: 0px 10px;\" title=\"ttoglefuet\" src=\"http:\/\/www.christineseebacher.ch\/wp-content\/uploads\/2011\/07\/Umschlag_ttoglefuet_2014-193x300.jpg\" alt=\"Buchcover ttoglefuet\" width=\"193\" height=\"300\" srcset=\"https:\/\/www.christineseebacher.ch\/wp-content\/uploads\/2011\/07\/Umschlag_ttoglefuet_2014-193x300.jpg 193w, https:\/\/www.christineseebacher.ch\/wp-content\/uploads\/2011\/07\/Umschlag_ttoglefuet_2014-658x1024.jpg 658w, https:\/\/www.christineseebacher.ch\/wp-content\/uploads\/2011\/07\/Umschlag_ttoglefuet_2014.jpg 1529w\" sizes=\"auto, (max-width: 193px) 100vw, 193px\" \/><\/a>Schwarzen Humor, gew\u00fcrzt mit einer Prise<br \/>\nPsychologie, Halb- und Ganzwahrheiten, bringt<br \/>\nChristine Seebacher kurz und b\u00fcndig auf den Punkt.<\/p>\n<p>Das neue Buch erscheint am 1. April 2014 im Buchhandel und bei Amazon.<\/p>\n<p>ISBN 978-3-9524156-4-1<\/p>\n<p>&nbsp;<\/p>\n<p>&nbsp;<\/p>\n<p>&nbsp;<\/p>\n<p>&nbsp;<\/p>\n<p><a href=\"http:\/\/www.christineseebacher.ch\/wp-content\/uploads\/2011\/07\/wurmbuch.jpg\"><img loading=\"lazy\" decoding=\"async\" class=\"alignleft size-medium wp-image-153\" style=\"border-style: initial; border-color: initial; margin-right: 10px; margin-left: 10px; margin-top: 0px; margin-bottom: 0px; border-width: 0px;\" title=\"wurmbuch\" src=\"http:\/\/www.christineseebacher.ch\/wp-content\/uploads\/2011\/07\/wurmbuch-191x300.jpg\" alt=\"\" width=\"191\" height=\"300\" srcset=\"https:\/\/www.christineseebacher.ch\/wp-content\/uploads\/2011\/07\/wurmbuch-191x300.jpg 191w, https:\/\/www.christineseebacher.ch\/wp-content\/uploads\/2011\/07\/wurmbuch.jpg 300w\" sizes=\"auto, (max-width: 191px) 100vw, 191px\" \/><\/a>Mysteri\u00f6se, makabere Geschichten sind die Spezialit\u00e4t von Christine Seebacher, die den menschlichen \u00c4ngsten, Obsessionen und den Niederungen der menschlichen Seele auf die Spur kommen m\u00f6chte.<\/p>\n<p>RG Fischer Verlag, 2002, Frankfurt<br \/>\nISBN 3-935895-29-1<\/p>\n<p>Das Wurmbuch ist vergriffen. Einzelne Exemplare finden sich manchmal auf <a title=\"Wurmbuch auf Amazon\" href=\"http:\/\/www.amazon.de\/Das-Wurmbuch-Kurzgeschichten-Christine-Seebacher\/dp\/3935895291\/ref=sr_1_3?ie=UTF8&amp;qid=1393764309&amp;sr=8-3&amp;keywords=wurmbuch\" target=\"_blank\">Amazon<\/a>.<\/p>\n","protected":false},"excerpt":{"rendered":"<p>Schwarzen Humor, gew\u00fcrzt mit einer Prise Psychologie, Halb- und Ganzwahrheiten, bringt Christine Seebacher kurz und b\u00fcndig auf den Punkt. Das neue Buch erscheint am 1. April 2014 im Buchhandel und bei Amazon. ISBN 978-3-9524156-4-1 &nbsp; &nbsp; &nbsp; &nbsp; Mysteri\u00f6se, makabere &hellip; <a href=\"https:\/\/www.christineseebacher.ch\/?page_id=9\">Weiterlesen <span class=\"meta-nav\">&rarr;<\/span><\/a><\/p>\n","protected":false},"author":1,"featured_media":0,"parent":0,"menu_order":0,"comment_status":"closed","ping_status":"closed","template":"","meta":{"footnotes":""},"class_list":["post-9","page","type-page","status-publish","hentry"],"_links":{"self":[{"href":"https:\/\/www.christineseebacher.ch\/index.php?rest_route=\/wp\/v2\/pages\/9","targetHints":{"allow":["GET"]}}],"collection":[{"href":"https:\/\/www.christineseebacher.ch\/index.php?rest_route=\/wp\/v2\/pages"}],"about":[{"href":"https:\/\/www.christineseebacher.ch\/index.php?rest_route=\/wp\/v2\/types\/page"}],"author":[{"embeddable":true,"href":"https:\/\/www.christineseebacher.ch\/index.php?rest_route=\/wp\/v2\/users\/1"}],"replies":[{"embeddable":true,"href":"https:\/\/www.christineseebacher.ch\/index.php?rest_route=%2Fwp%2Fv2%2Fcomments&post=9"}],"version-history":[{"count":16,"href":"https:\/\/www.christineseebacher.ch\/index.php?rest_route=\/wp\/v2\/pages\/9\/revisions"}],"predecessor-version":[{"id":52,"href":"https:\/\/www.christineseebacher.ch\/index.php?rest_route=\/wp\/v2\/pages\/9\/revisions\/52"}],"wp:attachment":[{"href":"https:\/\/www.christineseebacher.ch\/index.php?rest_route=%2Fwp%2Fv2%2Fmedia&parent=9"}],"curies":[{"name":"wp","href":"https:\/\/api.w.org\/{rel}","templated":true}]}}